{"id":22,"date":"2020-06-29T14:13:16","date_gmt":"2020-06-29T14:13:16","guid":{"rendered":"https:\/\/www.maaritmaria.fi\/?page_id=22"},"modified":"2021-01-06T18:14:20","modified_gmt":"2021-01-06T18:14:20","slug":"maarit-maria","status":"publish","type":"page","link":"https:\/\/www.maaritmaria.fi\/en\/","title":{"rendered":"MAARIT MARIA"},"content":{"rendered":"<figure class=\"wp-block-image size-large\"><img loading=\"lazy\" decoding=\"async\" width=\"932\" height=\"1024\" src=\"https:\/\/www.maaritmaria.fi\/wp-content\/uploads\/2020\/07\/883CD161-55D2-4044-B16A-CD6A8EE3BFCE-932x1024.jpeg\" alt=\"\" class=\"wp-image-118\" srcset=\"https:\/\/www.maaritmaria.fi\/wp-content\/uploads\/2020\/07\/883CD161-55D2-4044-B16A-CD6A8EE3BFCE-932x1024.jpeg 932w, https:\/\/www.maaritmaria.fi\/wp-content\/uploads\/2020\/07\/883CD161-55D2-4044-B16A-CD6A8EE3BFCE-273x300.jpeg 273w, https:\/\/www.maaritmaria.fi\/wp-content\/uploads\/2020\/07\/883CD161-55D2-4044-B16A-CD6A8EE3BFCE-768x844.jpeg 768w, https:\/\/www.maaritmaria.fi\/wp-content\/uploads\/2020\/07\/883CD161-55D2-4044-B16A-CD6A8EE3BFCE-1398x1536.jpeg 1398w, https:\/\/www.maaritmaria.fi\/wp-content\/uploads\/2020\/07\/883CD161-55D2-4044-B16A-CD6A8EE3BFCE-1864x2048.jpeg 1864w, https:\/\/www.maaritmaria.fi\/wp-content\/uploads\/2020\/07\/883CD161-55D2-4044-B16A-CD6A8EE3BFCE-600x659.jpeg 600w\" sizes=\"(max-width: 932px) 100vw, 932px\" \/><\/figure>\n\n\n\n<p>Maarit Maria represents Finnish design and Finnish manufacturing. The brand values Finnish\ndomestic workmanship, ecological choices, and the highest of quality. These values are\nimplemented in everything Maarit Maria produces.<\/p>\n\n\n\n<p>The ecological approach is based on product longevity and durability, including the replaceability\nof many furniture parts. The materials are carefully selected to stand the test of time. Because the\nproducts can be assembled without tools, it is easy to replace parts. At the same time this\nassemblability guarantees maximum logistical efficiency, with no need to transport just air<\/p>\n\n\n\n<p>This approach is extended to the sourcing of materials, with the plywood coming from certified forests. Furthermore, plastic is not used at all in the products or in their packages, not even in the parcel etiquette and in the adhesive tape. <\/p>\n\n\n\n<p>Finnish workmanship encompasses the whole concept, design, manufacturing, materials and the packages.<\/p>\n\n\n\n<p>To guarantee impeccable quality, the products are finished manually and every product is\nexamined before packaging.<\/p>","protected":false},"excerpt":{"rendered":"<p>Maarit Maria Edustaa suomalaista suunnittelua sek\u00e4 kotimaista tuotantoa. Tuotemerkin arvoja ovat kotimaisuus, ekologisuus sek\u00e4 korkea laatu. N\u00e4m\u00e4 ovat l\u00e4ht\u00f6kohtia, joita pyrit\u00e4\u00e4n aidosti toteuttamaan. Ekologisesti kest\u00e4v\u00e4 tuotanto l\u00e4htee tuotteen pitk\u00e4ik\u00e4isyydest\u00e4, sek\u00e4 osien vaihdettavuudesta. Materiaalit kest\u00e4v\u00e4t aikaa ja kulutusta. Koska tuotteet voidaan koota osista ilman ty\u00f6kaluja, niist\u00e4 voidaan vaihtaa osia. Samalla tuotteiden koottavuus takaa tehokkaimman mahdollisen logistiikan, jossa ei kuljeteta ilmaa. Ekologisuuden vaatimus koskee my\u00f6s materiaaleja, siksi K- ja V-p\u00f6ytien vaneri tulee sertifioiduista metsist\u00e4. Edelleen ajattelutapa ulottuu my\u00f6s pakkauksiin, joissa ei k\u00e4ytet\u00e4 muovia, edes pakkausteipiss\u00e4 tai etiketiss\u00e4. Kotimaisuus puolestaan merkitsee koko konseptin kotimaisuutta. T\u00e4m\u00e4 koskee niin suunnittelua, ty\u00f6t\u00e4 kuin materiaaleja, mukaan lukien [&hellip;]<\/p>","protected":false},"author":1,"featured_media":0,"parent":0,"menu_order":0,"comment_status":"closed","ping_status":"closed","template":"","meta":{"footnotes":""},"jetpack_sharing_enabled":true,"_links":{"self":[{"href":"https:\/\/www.maaritmaria.fi\/en\/wp-json\/wp\/v2\/pages\/22"}],"collection":[{"href":"https:\/\/www.maaritmaria.fi\/en\/wp-json\/wp\/v2\/pages"}],"about":[{"href":"https:\/\/www.maaritmaria.fi\/en\/wp-json\/wp\/v2\/types\/page"}],"author":[{"embeddable":true,"href":"https:\/\/www.maaritmaria.fi\/en\/wp-json\/wp\/v2\/users\/1"}],"replies":[{"embeddable":true,"href":"https:\/\/www.maaritmaria.fi\/en\/wp-json\/wp\/v2\/comments?post=22"}],"version-history":[{"count":9,"href":"https:\/\/www.maaritmaria.fi\/en\/wp-json\/wp\/v2\/pages\/22\/revisions"}],"predecessor-version":[{"id":209,"href":"https:\/\/www.maaritmaria.fi\/en\/wp-json\/wp\/v2\/pages\/22\/revisions\/209"}],"wp:attachment":[{"href":"https:\/\/www.maaritmaria.fi\/en\/wp-json\/wp\/v2\/media?parent=22"}],"curies":[{"name":"wp","href":"https:\/\/api.w.org\/{rel}","templated":true}]}}