{"id":6,"date":"2020-06-28T18:10:29","date_gmt":"2020-06-28T18:10:29","guid":{"rendered":"https:\/\/www.maaritmaria.fi\/?page_id=6"},"modified":"2021-03-24T13:01:52","modified_gmt":"2021-03-24T13:01:52","slug":"tarina","status":"publish","type":"page","link":"https:\/\/www.maaritmaria.fi\/en\/tarina\/","title":{"rendered":"STORY"},"content":{"rendered":"<figure class=\"wp-block-image size-large\"><img loading=\"lazy\" decoding=\"async\" width=\"1024\" height=\"1020\" src=\"https:\/\/www.maaritmaria.fi\/wp-content\/uploads\/2021\/03\/69E73EBE-6DA6-4A90-9F63-58891B153325-1024x1020.jpeg\" alt=\"\" class=\"wp-image-231\" srcset=\"https:\/\/www.maaritmaria.fi\/wp-content\/uploads\/2021\/03\/69E73EBE-6DA6-4A90-9F63-58891B153325-1024x1020.jpeg 1024w, https:\/\/www.maaritmaria.fi\/wp-content\/uploads\/2021\/03\/69E73EBE-6DA6-4A90-9F63-58891B153325-300x300.jpeg 300w, https:\/\/www.maaritmaria.fi\/wp-content\/uploads\/2021\/03\/69E73EBE-6DA6-4A90-9F63-58891B153325-150x150.jpeg 150w, https:\/\/www.maaritmaria.fi\/wp-content\/uploads\/2021\/03\/69E73EBE-6DA6-4A90-9F63-58891B153325-768x765.jpeg 768w, https:\/\/www.maaritmaria.fi\/wp-content\/uploads\/2021\/03\/69E73EBE-6DA6-4A90-9F63-58891B153325-1536x1529.jpeg 1536w, https:\/\/www.maaritmaria.fi\/wp-content\/uploads\/2021\/03\/69E73EBE-6DA6-4A90-9F63-58891B153325-2048x2039.jpeg 2048w, https:\/\/www.maaritmaria.fi\/wp-content\/uploads\/2021\/03\/69E73EBE-6DA6-4A90-9F63-58891B153325-12x12.jpeg 12w, https:\/\/www.maaritmaria.fi\/wp-content\/uploads\/2021\/03\/69E73EBE-6DA6-4A90-9F63-58891B153325-600x597.jpeg 600w, https:\/\/www.maaritmaria.fi\/wp-content\/uploads\/2021\/03\/69E73EBE-6DA6-4A90-9F63-58891B153325-100x100.jpeg 100w\" sizes=\"(max-width: 1024px) 100vw, 1024px\" \/><\/figure>\n\n\n\n<p>I am Maarit Hirvaskoski, an artisan carpenter and a mother. I have sketched furniture designs for\nyears, sometimes on paper, sometimes on 3D model, sometimes just in my head. Nature and\nanimals are important to me, and I do not compromise on the ecological requirements that I place\non my products and the processes related to them.\nThe most important single factor, however, in creating a product is the visual design. I believe that\nvisually balanced, yet interesting and eye-catching visual look can be found, even if it sometimes\ntakes frustratingly long time. Only through patience one can reach the joy of finding.<\/p>\n\n\n\n<p>Maarit Maria came to being as a result of my persistent reflections on a table that could be easily\nassembled and taken apart to pieces again. Then, one day it dawned on me. I ran home, drew the\nbasic concept, built scalemodels - and the V-table was there. Finnish plywood was the obvious\nchoice for material, not least because of its beautiful looks. I preferred Finnish domestic\nproduction from early on, including packages. I wanted products made up of removable parts,\nallowing transports in as flat parcels as possible, and requiring no tools for assembly.\nThe V-table was soon accompanied by a larger K-table. My latest product is S-rack, in bent\nplywood. It is challenging to produce, but works well as a rack or as a small shelf. Or, just as an\neye-catcher. The S-rack is crafted semi manually in proud Finnish craftmanship heritage.<\/p>\n\n\n\n<p>I am thankful to my close ones and to those brilliant colleagues and partners, who have helped\nme on this journey. Alone, I would not have made it.<\/p>\n\n\n\n<p>- It is nice continue from here, with both new\nand old ideas.<\/p>","protected":false},"excerpt":{"rendered":"<p>Olen Maarit Hirvaskoski, artesaanipuusepp\u00e4, lastentarhanopettaja ja kolmen lapsen \u00e4iti. Olen luonnostellut huonekaluja jo vuosia, milloin enemm\u00e4n, milloin v\u00e4hemm\u00e4n, milloin paperille, milloin vain p\u00e4\u00e4ss\u00e4ni. Luonto ja el\u00e4imet ovat aina olleet minulle t\u00e4rkeit\u00e4. Ekologisuus onkin tinkim\u00e4t\u00f6n osa suunnitteluani. Kaiken m\u00e4\u00e4r\u00e4\u00e4v\u00e4 tekij\u00e4 on kuitenkin visuaalinen ilme. Ajattelen, ett\u00e4 visuaalisesti tasapainoinen ja samalla tarpeeksi mielenkiintoinen muoto on l\u00f6ydett\u00e4viss\u00e4, vaikka joskus siin\u00e4 voi menn\u00e4 tuskastuttavan kauan aikaa. Jos suostuu olemaan tarpeeksi k\u00e4rsiv\u00e4llinen, niin saavuttaa hetken jolloin l\u00f6yt\u00e4\u00e4 sen mit\u00e4 on etsinyt. Yritykseni l\u00e4hti liikkeelle, kun aloin pohtimaan huonekalua, joka olisi helppo koota ja purkaa. Kehittelin ajatusta p\u00e4\u00e4ss\u00e4ni l\u00e4hes y\u00f6t\u00e4 p\u00e4iv\u00e4\u00e4, aktiivisesti ja passiivisesti, kunnes palaset [&hellip;]<\/p>","protected":false},"author":1,"featured_media":16,"parent":0,"menu_order":0,"comment_status":"closed","ping_status":"closed","template":"","meta":{"footnotes":""},"jetpack_sharing_enabled":true,"_links":{"self":[{"href":"https:\/\/www.maaritmaria.fi\/en\/wp-json\/wp\/v2\/pages\/6"}],"collection":[{"href":"https:\/\/www.maaritmaria.fi\/en\/wp-json\/wp\/v2\/pages"}],"about":[{"href":"https:\/\/www.maaritmaria.fi\/en\/wp-json\/wp\/v2\/types\/page"}],"author":[{"embeddable":true,"href":"https:\/\/www.maaritmaria.fi\/en\/wp-json\/wp\/v2\/users\/1"}],"replies":[{"embeddable":true,"href":"https:\/\/www.maaritmaria.fi\/en\/wp-json\/wp\/v2\/comments?post=6"}],"version-history":[{"count":9,"href":"https:\/\/www.maaritmaria.fi\/en\/wp-json\/wp\/v2\/pages\/6\/revisions"}],"predecessor-version":[{"id":232,"href":"https:\/\/www.maaritmaria.fi\/en\/wp-json\/wp\/v2\/pages\/6\/revisions\/232"}],"wp:featuredmedia":[{"embeddable":true,"href":"https:\/\/www.maaritmaria.fi\/en\/wp-json\/wp\/v2\/media\/16"}],"wp:attachment":[{"href":"https:\/\/www.maaritmaria.fi\/en\/wp-json\/wp\/v2\/media?parent=6"}],"curies":[{"name":"wp","href":"https:\/\/api.w.org\/{rel}","templated":true}]}}