{"id":75,"date":"2020-07-13T09:44:17","date_gmt":"2020-07-13T09:44:17","guid":{"rendered":"https:\/\/www.maaritmaria.fi\/?page_id=75"},"modified":"2020-07-13T10:23:20","modified_gmt":"2020-07-13T10:23:20","slug":"toimitusehdot-ja-maksuehdot","status":"publish","type":"page","link":"https:\/\/www.maaritmaria.fi\/en\/toimitusehdot-ja-maksuehdot\/","title":{"rendered":"Toimitusehdot ja maksuehdot"},"content":{"rendered":"<p><strong>Yleist\u00e4 verkkokaupasta<\/strong><\/p>\n\n\n\n<p>Verkkokaupan tuotteita myy Maarit Maria Tmi, y-tunnus 2908387-4. Tuotteiden hinnat sis\u00e4lt\u00e4v\u00e4t arvonlis\u00e4veron. Pid\u00e4t\u00e4mme oikeuden hintojen ja postikulujen muutoksiin. Asiakas hyv\u00e4ksyy toimitusehdot tilauksen yhteydess\u00e4.<\/p>\n\n\n\n<p>Tilausvahvistus<\/p>\n\n\n\n<p>L\u00e4het\u00e4mme s\u00e4hk\u00f6postitse tilausvahvistuksen, josta k\u00e4y ilmi tilatut tuotteet ja niiden hinnat, toimituskulut sek\u00e4 valitsemasi noutopiste.<\/p>\n\n\n\n<p><strong>Maksutavat<\/strong><\/p>\n\n\n\n<p>Tuotteet ja niiden postikulut maksetaan tilauksen yhteydess\u00e4. Verkkokaupassa voidaan maksaa seuraavilla maksutavoilla: Checkout Finland.<\/p>\n\n\n\n<p>Lis\u00e4tietoa Checkout maksutavasta:<\/p>\n\n\n\n<p><a href=\"https:\/\/www.checkout.fi\/ehdot-ja-sopimukset\/maksuehdot\">https:\/\/www.checkout.fi\/ehdot-ja-sopimukset\/maksuehdot<\/a><\/p>\n\n\n\n<p><\/p>\n\n\n\n<p>Checkout on sinulle turvallinen maksutapa. Meill\u00e4 on Finanssivalvonnan my\u00f6nt\u00e4m\u00e4 maksulaitostoimilupa. Palvelu on Checkout Finland Oy:n (y-tunnus 2196606-6) yll\u00e4pit\u00e4m\u00e4 ja Checkout Finland Oy on osa OP Ryhm\u00e4\u00e4.<\/p>\n\n\n\n<p>Checkout-maksunv\u00e4lityspalvelu v\u00e4litt\u00e4\u00e4 maksusi kauppiaalle. Mik\u00e4li tiliotteellasi tai luottokorttilaskullasi n\u00e4kyy Checkout Finland Oy, olemme v\u00e4litt\u00e4neet maksusi.<\/p>\n\n\n\n<p>Verkkokauppa toimii tuotteiden ja palveluiden markkinoijana sek\u00e4 tuotteiden toimittajana asiakkaalle. Verkkokauppa huolehtii kauppaan liittyvist\u00e4 lakis\u00e4\u00e4teisist\u00e4 sek\u00e4 itse m\u00e4\u00e4rittelemist\u00e4\u00e4n muista velvoitteista. Mik\u00e4li haluat reklamoida tai palauttaa tuotteen, sinun kannattaa olla yhteydess\u00e4 suoraan verkkokauppaan, josta tuote on tilattu.<\/p>\n\n\n\n<p><strong>Pankkimaksut<\/strong><\/p>\n\n\n\n<p>K\u00e4yt\u00f6ss\u00e4si on kaikkien suomalaisten pankkien maksupainikkeet. Voit maksaa Aktian, Danske Bankin, Handelsbankenin, Nordean, Oma S\u00e4\u00e4st\u00f6pankin, Osuuspankin, POP-pankin, S\u00e4\u00e4st\u00f6pankin, S- pankin ja \u00c5landsbankenin maksupainikkeilla. Tiliotteellasi maksunsaajana n\u00e4kyy Checkout Finland Oy, me v\u00e4lit\u00e4mme maksusi verkkokauppiaalle. Verkkokaupasta sinut ohjataan suoraan omaan pankkiisi suorittamaan maksu turvallisesti.<\/p>\n\n\n\n<p><strong>Lasku- ja osamaksupalvelut<\/strong><\/p>\n\n\n\n<p>Lasku- ja osamaksupalveluita Checkoutin kautta tarjoavat OP, Collector, Jousto ja Svea. Collector ja Svea tarjoavat lasku- ja osamaksuvaihtoehdon my\u00f6s yritysasiakkaille.<\/p>\n\n\n\n<p>Luethan viel\u00e4 rahoitusyhti\u00f6kohtaiset tarkemmat ehdot, jotka n\u00e4et hyv\u00e4ksyess\u00e4si maksun. Kun hyv\u00e4ksyt maksun, hyv\u00e4ksyt samalla rahoitusyhti\u00f6n ehdot.<\/p>\n\n\n\n<p>Collectorin yrityslaskun ehdot ovat tarjolla my\u00f6s heid\u00e4n sivuillaan:<\/p>\n\n\n\n<p>collector.se\/upload\/Partners\/Agreements\/CHECK\/ Credit_terms_All_comp_FI.pdf<\/p>\n\n\n\n<p>OPn lasku- ja osamaksutavan kuluttajaehdot tullaan lis\u00e4\u00e4m\u00e4\u00e4n pian my\u00f6s t\u00e4lle sivulle.<\/p>\n\n\n\n<p>Lue lis\u00e4\u00e4 lasku- ja osamaksutavoista:<\/p>\n\n\n\n<p>collector.fi&nbsp;<\/p>\n\n\n\n<p>jousto.com<\/p>\n\n\n\n<p><strong>Toimitusaika<\/strong><\/p>\n\n\n\n<p>Pyrimme toimittamaan tilaukset mahdollisimman nopeasti. Varastossa olevien tuotteiden toimitusaika on arviolta 2-6 arkip\u00e4iv\u00e4\u00e4. Otattehan huomioon, ett\u00e4 kaikki tuotteet valmistetaan k\u00e4sity\u00f6n\u00e4, ja mik\u00e4li niit\u00e4 ei l\u00f6ydy varastosta, on toimitusaika 2-8 viikkoa. Tarkempi toimitusaika l\u00f6ytyy tuotteen tiedoista. Tuote l\u00f6ytyy varastosta, jos sen kohdalla on t\u00e4t\u00e4 ilmaiseva tunnus.<\/p>\n\n\n\n<p>Jos toimituksella on kiire, kannattaa ottaa yhteytt\u00e4 ennen tilauksen tekoa \u2013 usein tuote l\u00f6ytyy puolivalmiina, jolloin toimitus onnistuu tarvittaessa nopeasti. Mik\u00e4li tilauksessa ilmenee ongelmia, olemme teihin yhteydess\u00e4.<\/p>\n\n\n\n<p><strong>Toimitustapa ja toimituskulut<\/strong><\/p>\n\n\n\n<p>Toimitamme kaikki kuluttajatilaukset kotimaahan ilman toimituskuluja.<\/p>\n\n\n\n<p>Saat tuotteesi Matkahuollon Kotijakeluna. L\u00e4hetykset jaetaan perille kuluttajille koko maassa arkip\u00e4ivisin. Vastaanottajalle ilmoitetaan saapuvasta kotijakelusta ja jakoaika sovitaan vastaanottajan kanssa.<\/p>\n\n\n\n<p>Jos et halua toimitusta perille saakka, ota yhteytt\u00e4 s\u00e4hk\u00f6postin kautta ja sovi t\u00e4st\u00e4 erikseen. Siin\u00e4 tapauksessa paketti toimitetaan vastaanottajaa l\u00e4himp\u00e4\u00e4n Matkahuollon toimipisteeseen, asiamiespisteeseen tai pakettipisteeseen (K-Marketit, R-kioskit, Tokmannit ja monet muut yritykset). Vastaanottaja saa tekstiviestin tai s\u00e4hk\u00f6postin heti, kun paketti on noudettavissa.<\/p>\n\n\n\n<p><strong>Vaihto- ja palautusehdot<\/strong><\/p>\n\n\n\n<p>Asiakkaalla on Suomen kuluttajansuojalain mukainen 14 p\u00e4iv\u00e4n vaihto- ja palautusoikeus. Palautusoikeus koskee vain k\u00e4ytt\u00e4m\u00e4tt\u00f6mi\u00e4 ja myyntikelpoisia tuotteita. Halutessasi tehd\u00e4 palautuksen, otathan ensin yhteytt\u00e4 info@maaritmaria.fi. Huomioi, ett\u00e4 palautuskulut j\u00e4\u00e4v\u00e4t asiakkaalle. Palautusoikeus ei koske tilaustuotteita, jotka on valmistettu asiakkaan toiveiden mukaan.<\/p>\n\n\n\n<p>Liit\u00e4 palautuksen mukaan seuraavat tiedot:&nbsp;<\/p>\n\n\n\n<p>\u2022nimesi, osoitteesi ja puhelinnumerosi&nbsp;<\/p>\n\n\n\n<p>\u2022tilausnumero<\/p>\n\n\n\n<p>Palautusosoite:<\/p>\n\n\n\n<p>Maarit Maria&nbsp;<\/p>\n\n\n\n<p>Sepp\u00e4l\u00e4nkuja 4&nbsp;<\/p>\n\n\n\n<p>01260 VANTAA<\/p>\n\n\n\n<p>Emme vastaanota palautuksia yli 14 vrk kuluttua toimituksesta. Kun palautus on hyv\u00e4ksytty, rahat palautetaan suoraan tilillesi palautuksen vastaanoton ja k\u00e4sittelyn j\u00e4lkeen.<\/p>\n\n\n\n<p><strong>Huomioithan, ettei paketin noutamatta j\u00e4tt\u00e4minen ole asiakaspalautus. Noutamatta j\u00e4tetyist\u00e4 paketeista laskutetaan todelliset palautumiskustannukset; 7,50\u20ac.<\/strong><\/p>\n\n\n\n<p>Halutessasi uuden toimituksen, laskutetaan uusi toimituskulu alkuper\u00e4isen tilauksesi toimituskulujen mukaan. Mik\u00e4li asiakasta ei tavoiteta 14 vrk sis\u00e4ll\u00e4 tuotteen palautumisesta, hyvitet\u00e4\u00e4n tilauksen summa v\u00e4hennettyn\u00e4 palautumiskustannuksilla, ja tuotteet palautuvat kaupan omaisuudeksi.<\/p>\n\n\n\n<p><strong>Ongelmatilanteet kuljetuksessa sek\u00e4 viallisten tuotteiden osalta<\/strong><\/p>\n\n\n\n<p>Mik\u00e4li tuote on kadonnut kuljetuksen aikana, vioittunut tai asiakkaalle on toimitettu v\u00e4\u00e4r\u00e4 tuote, tulee asiakkaan ilmoittaa virheest\u00e4 v\u00e4litt\u00f6m\u00e4sti osoitteeseen&nbsp;<\/p>\n\n\n\n<p>info@maaritmaria.fi.<\/p>\n\n\n\n<p>Jos paketti on vioittunut postissa, on tuotteesta teht\u00e4v\u00e4 v\u00e4litt\u00f6m\u00e4sti reklamaatio postiin. Tuotteiden laatu ja tyytyv\u00e4iset asiakkaat ovat meille t\u00e4rkeit\u00e4. Kaikki tuotteet valmistetaan huolellisesti ja laatu tarkastetaan ennen l\u00e4hetyst\u00e4. Mik\u00e4li huomaat kuitenkin tuotteessa valmistuksesta<\/p>\n\n\n\n<p>johtuvan vian\/virheen, ota yhteytt\u00e4 info@maaritmaria.fi. Vastaamme viallisista tuotteista my\u00f6s 14vrk palautusajan j\u00e4lkeen.<\/p>\n\n\n\n<p><strong>Muuta<\/strong><\/p>\n\n\n\n<p>Pid\u00e4t\u00e4mme oikeuden muuttaa toimitusehtojamme. Asiakkaan on ennen tilaustaan tutustuttava kulloinkin voimassa oleviin toimitusehtoihin. Maarit Maria k\u00e4sittelee kaikki asiakastiedot t\u00e4ysin luottamuksellisesti. Maarit Maria sitoutuu olemaan luovuttamatta asiakastietoja kolmannelle osapuolelle.<\/p>","protected":false},"excerpt":{"rendered":"<p>Yleist\u00e4 verkkokaupasta Verkkokaupan tuotteita myy Maarit Maria Tmi, y-tunnus 2908387-4. Tuotteiden hinnat sis\u00e4lt\u00e4v\u00e4t arvonlis\u00e4veron. Pid\u00e4t\u00e4mme oikeuden hintojen ja postikulujen muutoksiin. Asiakas hyv\u00e4ksyy toimitusehdot tilauksen yhteydess\u00e4. Tilausvahvistus L\u00e4het\u00e4mme s\u00e4hk\u00f6postitse tilausvahvistuksen, josta k\u00e4y ilmi tilatut tuotteet ja niiden hinnat, toimituskulut sek\u00e4 valitsemasi noutopiste. Maksutavat Tuotteet ja niiden postikulut maksetaan tilauksen yhteydess\u00e4. Verkkokaupassa voidaan maksaa seuraavilla maksutavoilla: Checkout Finland. Lis\u00e4tietoa Checkout maksutavasta: https:\/\/www.checkout.fi\/ehdot-ja-sopimukset\/maksuehdot Checkout on sinulle turvallinen maksutapa. Meill\u00e4 on Finanssivalvonnan my\u00f6nt\u00e4m\u00e4 maksulaitostoimilupa. Palvelu on Checkout Finland Oy:n (y-tunnus 2196606-6) yll\u00e4pit\u00e4m\u00e4 ja Checkout Finland Oy on osa OP Ryhm\u00e4\u00e4. Checkout-maksunv\u00e4lityspalvelu v\u00e4litt\u00e4\u00e4 maksusi kauppiaalle. Mik\u00e4li tiliotteellasi tai luottokorttilaskullasi n\u00e4kyy Checkout Finland Oy, olemme v\u00e4litt\u00e4neet [&hellip;]<\/p>","protected":false},"author":1,"featured_media":0,"parent":0,"menu_order":0,"comment_status":"closed","ping_status":"closed","template":"","meta":{"footnotes":""},"jetpack_sharing_enabled":true,"_links":{"self":[{"href":"https:\/\/www.maaritmaria.fi\/en\/wp-json\/wp\/v2\/pages\/75"}],"collection":[{"href":"https:\/\/www.maaritmaria.fi\/en\/wp-json\/wp\/v2\/pages"}],"about":[{"href":"https:\/\/www.maaritmaria.fi\/en\/wp-json\/wp\/v2\/types\/page"}],"author":[{"embeddable":true,"href":"https:\/\/www.maaritmaria.fi\/en\/wp-json\/wp\/v2\/users\/1"}],"replies":[{"embeddable":true,"href":"https:\/\/www.maaritmaria.fi\/en\/wp-json\/wp\/v2\/comments?post=75"}],"version-history":[{"count":3,"href":"https:\/\/www.maaritmaria.fi\/en\/wp-json\/wp\/v2\/pages\/75\/revisions"}],"predecessor-version":[{"id":81,"href":"https:\/\/www.maaritmaria.fi\/en\/wp-json\/wp\/v2\/pages\/75\/revisions\/81"}],"wp:attachment":[{"href":"https:\/\/www.maaritmaria.fi\/en\/wp-json\/wp\/v2\/media?parent=75"}],"curies":[{"name":"wp","href":"https:\/\/api.w.org\/{rel}","templated":true}]}}