{"id":108,"date":"2020-07-13T13:25:09","date_gmt":"2020-07-13T13:25:09","guid":{"rendered":"https:\/\/www.maaritmaria.fi\/?post_type=product&#038;p=108"},"modified":"2024-08-12T06:15:59","modified_gmt":"2024-08-12T06:15:59","slug":"k-poyta","status":"publish","type":"product","link":"https:\/\/www.maaritmaria.fi\/en\/product\/k-poyta\/","title":{"rendered":"K-table"},"content":{"rendered":"<p>Description<br \/>\nDimensions: Width:110 cm, Depth: 55 cm, Height: 39 cm<br \/>\nThe product is made of coated plywood and optiwhite - glass<br \/>\nDesigned and manufactured in Finland.<br \/>\nNon-plastic package.<\/p>","protected":false},"excerpt":{"rendered":"<p>Sohvap\u00f6yt\u00e4 Mitat 110 cm x 55 cm, korkeus 39 cm Tuote on pinnoitettua koivuvaneria ja optiwhite-lasia. P\u00f6yt\u00e4 on suunniteltu ja valmistettu Suomessa. Kaikki materiaalit ovat my\u00f6s kotimaista tuotantoa, mukaan lukien pakkaus. Pakkauksessa ei k\u00e4ytet\u00e4 muovia.<\/p>","protected":false},"featured_media":99,"comment_status":"open","ping_status":"closed","template":"","meta":[],"product_cat":[16],"product_tag":[],"jetpack_sharing_enabled":true,"_links":{"self":[{"href":"https:\/\/www.maaritmaria.fi\/en\/wp-json\/wp\/v2\/product\/108"}],"collection":[{"href":"https:\/\/www.maaritmaria.fi\/en\/wp-json\/wp\/v2\/product"}],"about":[{"href":"https:\/\/www.maaritmaria.fi\/en\/wp-json\/wp\/v2\/types\/product"}],"replies":[{"embeddable":true,"href":"https:\/\/www.maaritmaria.fi\/en\/wp-json\/wp\/v2\/comments?post=108"}],"wp:featuredmedia":[{"embeddable":true,"href":"https:\/\/www.maaritmaria.fi\/en\/wp-json\/wp\/v2\/media\/99"}],"wp:attachment":[{"href":"https:\/\/www.maaritmaria.fi\/en\/wp-json\/wp\/v2\/media?parent=108"}],"wp:term":[{"taxonomy":"product_cat","embeddable":true,"href":"https:\/\/www.maaritmaria.fi\/en\/wp-json\/wp\/v2\/product_cat?post=108"},{"taxonomy":"product_tag","embeddable":true,"href":"https:\/\/www.maaritmaria.fi\/en\/wp-json\/wp\/v2\/product_tag?post=108"}],"curies":[{"name":"wp","href":"https:\/\/api.w.org\/{rel}","templated":true}]}}