{"id":83,"date":"2020-07-13T12:56:28","date_gmt":"2020-07-13T12:56:28","guid":{"rendered":"https:\/\/www.maaritmaria.fi\/?post_type=product&#038;p=83"},"modified":"2024-09-14T22:17:15","modified_gmt":"2024-09-14T22:17:15","slug":"v-poyta","status":"publish","type":"product","link":"https:\/\/www.maaritmaria.fi\/en\/product\/v-poyta\/","title":{"rendered":"V-table"},"content":{"rendered":"<p>Bedside table, Sofa side table, Sofa table<br \/>\nDimensions: Width: 50 cm, Depth: 50 cm, Height: 51 cm<br \/>\nAvailable in finishes Black, Birch and White<br \/>\nThe product is made of coated plywood and optiwhite - glass<br \/>\nDesigned and manufactured in Finland.<br \/>\nNon-plastic package.<\/p>","protected":false},"excerpt":{"rendered":"<p>Pikkup\u00f6yt\u00e4, joka sopii sohvap\u00f6yd\u00e4ksi ja sivup\u00f6yd\u00e4ksi sek\u00e4 y\u00f6p\u00f6yd\u00e4ksi. Mitat 50 cm x 50 cm, korkeus 51 cm V-p\u00f6yt\u00e4 on saatavilla valkoisena, mustana ja koivun v\u00e4risen\u00e4. Tuote on pinnoitettua koivuvaneria ja optiwhite-lasia. P\u00f6yt\u00e4 on suunniteltu ja valmistettu Suomessa, my\u00f6s kaikki materiaalit ovat kotimaista tuotantoa mukaan lukien pakkaukset. Pakkauksissa ei k\u00e4ytet\u00e4 muovia.<\/p>","protected":false},"featured_media":84,"comment_status":"open","ping_status":"closed","template":"","meta":[],"product_cat":[16],"product_tag":[],"jetpack_sharing_enabled":true,"_links":{"self":[{"href":"https:\/\/www.maaritmaria.fi\/en\/wp-json\/wp\/v2\/product\/83"}],"collection":[{"href":"https:\/\/www.maaritmaria.fi\/en\/wp-json\/wp\/v2\/product"}],"about":[{"href":"https:\/\/www.maaritmaria.fi\/en\/wp-json\/wp\/v2\/types\/product"}],"replies":[{"embeddable":true,"href":"https:\/\/www.maaritmaria.fi\/en\/wp-json\/wp\/v2\/comments?post=83"}],"wp:featuredmedia":[{"embeddable":true,"href":"https:\/\/www.maaritmaria.fi\/en\/wp-json\/wp\/v2\/media\/84"}],"wp:attachment":[{"href":"https:\/\/www.maaritmaria.fi\/en\/wp-json\/wp\/v2\/media?parent=83"}],"wp:term":[{"taxonomy":"product_cat","embeddable":true,"href":"https:\/\/www.maaritmaria.fi\/en\/wp-json\/wp\/v2\/product_cat?post=83"},{"taxonomy":"product_tag","embeddable":true,"href":"https:\/\/www.maaritmaria.fi\/en\/wp-json\/wp\/v2\/product_tag?post=83"}],"curies":[{"name":"wp","href":"https:\/\/api.w.org\/{rel}","templated":true}]}}